{"id":20470,"date":"2022-09-02T07:11:21","date_gmt":"2022-09-02T04:11:21","guid":{"rendered":"https:\/\/32academy.com\/termeni-si-conditii\/"},"modified":"2024-08-21T11:47:01","modified_gmt":"2024-08-21T08:47:01","slug":"termeni-si-conditii","status":"publish","type":"page","link":"https:\/\/32academy.com\/ro\/termeni-si-conditii\/","title":{"rendered":"Termeni \u0219i condi\u021bii"},"content":{"rendered":"\n<p>Compania care administreaz\u0103 website-ul 32academy.com, denumit \u00een continuare 32academy.com, este <strong>32 DENTAL ACADEMY SRL<\/strong>, numit\u0103 \u00een continuare <strong>32 Dental Academy SRL<\/strong>, av\u00e2nd codul unic de \u00eenregistrare <strong>RO33688217<\/strong> \u0219i \u00eenregistrat\u0103 la Registrul Comer\u021bului cu Nr.\u00a0 <strong>J23\/2974\/2014<\/strong>, Sediu Social Intr. Vlasceanu Dumitru, Nr 18b, Camera 1, Parter, Voluntari, Jud Ilfov.<\/p>\n\n\n\n<p>Plasarea unei comenzi c\u0103tre 32academy.com implic\u0103 acordul dumneavoastr\u0103 cu termenii \u0219i condi\u021biile website-ului 32academy.com.<\/p>\n\n\n\n<p>\u00cen momentul efectu\u0103rii unei comenzi online pe site, clientul declar\u0103 c\u0103 a luat cuno\u0219tin\u021b\u0103 \u0219i este de acord cu cele men\u021bionate mai sus, declar\u0103 \u0219i garanteaz\u0103 c\u0103 are peste 18 ani sau \u00een cazul \u00een care este minor utilizeaz\u0103 website-ul 32academy.com \u00eenso\u021bit de un p\u0103rinte sau \u00eengrijitor. Acceptarea acestor termeni \u0219i condi\u021bii d\u0103 na\u0219tere unui veritabil contract \u00eentre p\u0103r\u021bi, f\u0103c\u00e2nd aplicabile clauzele Codului Civil privind comer\u021bul \u00een aceste situa\u021bii.<\/p>\n\n\n\n<p>Sub rezerva termenilor \u0219i condi\u021biilor, magazinul nostru acord\u0103 dreptul limitat, revocabil, non-transferabil \u0219i non-exclusiv, de a utiliza magazinul on-line numai \u00een scopul de a face cump\u0103r\u0103turi \u00een scopuri personale \u0219i nu pentru orice utilizare comercial\u0103, sau \u00een numele unei ter\u021be persoane, cu excep\u021bia celor autorizate \u00een mod expres, \u00een scris, de c\u0103tre 32academy.com. Orice alt\u0103 \u00eenc\u0103lcare a termenilor \u0219i condi\u021biilor v\u0103 duce la \u0219tergerea contului creat, far\u0103 o notificare prealabil\u0103. Ne rezerv\u0103m dreptul de a refuza servicii, de a anula conturi, \u0219i\/sau anula comenzi, far\u0103 nicio limitare, dac\u0103 consider\u0103m c\u0103 prin comportamentul clientului se \u00eencalc\u0103 legisla\u021bia \u00een vigoare sau este d\u0103un\u0103toare pentru interesele societ\u0103\u021bii noastre.<\/p>\n\n\n\n<p>Clientul nu are dreptul de a exploata \u00een orice mod acest website sau orice por\u021biune a acestuia cu excep\u021bia cazului \u00een care acest lucru a fost permis \u00een scris de c\u0103tre magazinul nostru. Utilizatorul nu are dreptul s\u0103 foloseasc\u0103 \u00een scop comercial niciuna din informa\u021biile furinizate \u00een magazinul nostru online sau de a utiliza \u00een orice alt fel website-ul \u00een beneficiul unei alte inteprinderi cu excep\u021bia cazurilor autorizate de magazinul nostru.<\/p>\n\n\n\n<p>Utilizatorul nu trebuie s\u0103 \u00eencarce, distribuie, publice prin intermediul acestui website orice con\u021binut, informa\u021bii sau alte material care:<\/p>\n\n\n\n<p>1. \u00eencalc\u0103 drepturile de autor, brevete, m\u0103rci comerciale, m\u0103rcile de serviciu, secrete comerciale sau alte drepturi de proprietate ale unei persoane;<\/p>\n\n\n\n<p>2. include viru\u0219i, bug-uri, viermi sau alte coduri d\u0103un\u0103toare;<\/p>\n\n\n\n<p>3. face acuza\u021bii calomnioase, amenin\u021b\u0103, defaim\u0103, este obscen, indecent, pornografic sau ar putea da na\u0219tere la orice r\u0103spundere civil\u0103 sau penala \u00een conformitate cu legisla\u021bia rom\u00e2neasc\u0103.<\/p>\n\n\n\n<p>Ve\u021bi fi singurul responsabil pentru accesul \u0219i utilizarea website-ului 32academy.com, de c\u0103tre orice alt\u0103 persoan\u0103 care ar putea folosi userul \u0219i parola dvs., cu sau far\u0103 consim\u021b\u0103m\u00e2nt. Sunte\u021bi singurul responsabil pentru protejarea securit\u0103\u021bii \u0219i confiden\u021bialit\u0103\u021bii parolei \u0219i userului de indentificare atribuite dvs. de magazinul nostru. \u00cen cazul \u00een care constata\u021bi c\u0103 userul \u0219i parola dvs. sunt folosite de c\u0103tre o alt\u0103 persoan\u0103, v\u0103 rugam s\u0103 ne contacta\u021bi de urgen\u021b\u0103.<\/p>\n\n\n\n<p>Mai mult, utilizatorul nu trebuie s\u0103 foloseasc\u0103 o adres\u0103 de e-mail fals\u0103, pretinz\u00e2nd c\u0103 este altcineva pentru a induce \u00een eroare. Magazinul nostru 32academy.com are dreptul, dar nu este obligat s\u0103 \u0219tearg\u0103 sau s\u0103 editeze orice con\u021binut trimis (inclusiv comentarii sau opinii).<\/p>\n\n\n\n<p>Orice reziliere\/anulare a acordurilor stabilite \u00eentre magazinul on-line \u0219i client nu afecteaz\u0103 drepturile \u0219i obliga\u021biile aferente (inclusiv obliga\u021biile de plat\u0103) a par\u021bilor ap\u0103rute \u00eenainte de data rezilierii.<\/p>\n\n\n\n<p><strong>A. DEFINI\u021aII<\/strong><\/p>\n\n\n\n<p>Termenii \u0219i condi\u021biile generale se vor aplica tuturor v\u00e2nz\u0103rilor de bunuri \u0219i servicii de <strong>32 Dental Academy SRL,<\/strong> prin intermediul magazinului virtual 32Academy (32academy.com) c\u0103tre cump\u0103r\u0103tor \u0219i pot fi modificate numai cu acordul exprimat \u00een scris de c\u0103tre P\u0103r\u021bi.<\/p>\n\n\n\n<p>Termeni:<\/p>\n\n\n\n<p>Cump\u0103r\u0103tor: persoana fizic\u0103\/juridic\u0103 care efectueaz\u0103 o comand\u0103;<\/p>\n\n\n\n<p>V\u00e2nz\u0103tor: <strong>32 Dental Academy SRL<\/strong> \u2013 prin magazinul online 32academy.com;<\/p>\n\n\n\n<p>Comanda \u2013 resprezint\u0103 acordul stabilit dintre V\u00e2nz\u0103tor \u0219i Cump\u0103r\u0103tor, de regul\u0103 sub format electronic (e-mail), prin care 32academy.com se oblig\u0103 s\u0103 livreze bunurile comandate, iar Cump\u0103r\u0103torul se oblig\u0103 s\u0103 pl\u0103teasc\u0103 contravaloarea bunurilor comandate;<\/p>\n\n\n\n<p>Contract \u2013 reprezint\u0103 o Comanda confirmat\u0103 ulterior de c\u0103tre V\u00e2nz\u0103tor.<\/p>\n\n\n\n<p>Bunuri \u2013 reprezint\u0103 orice produs din magazinul online 32academy.com, men\u021bionat \u00een Comand\u0103, care urmeaz\u0103 a fi furnizate de c\u0103tre V\u00e2nz\u0103tor Cump\u0103r\u0103torului.<\/p>\n\n\n\n<p><strong>B. DOCUMENTE CONTRACTUALE<\/strong><\/p>\n\n\n\n<p>Prin procesarea unei Comenzi electronice pe website-ul 32academy.com, Cump\u0103r\u0103torul este de accord cu Termenii \u0219i condi\u021biile magazinului online www.32academy.com. Acceptarea comenzii de c\u0103tre <strong>32 Dental Academy SRL<\/strong> se consider\u0103 finalizat\u0103 \u00een momentul confirm\u0103rii prin e-mail. Orice comand\u0103 neconfirmat\u0103 de c\u0103tre 3<strong>2 Dental Academy SRL<\/strong> nu va avea valoarea unui Contract \u00eentre p\u0103r\u021bi. Prin urmare, p\u0103r\u021bile sunt de acord asupra faptului c\u0103 exclusiv email-urile, \u00eentre p\u0103r\u021bi, au valoare contractual\u0103.<\/p>\n\n\n\n<p><strong>C. ERORI DE TIPAR<\/strong><\/p>\n\n\n\n<p>\u00cen cazul \u00een care un produs este listat la un pre\u021b incorect sau cu informa\u021bii incorecte din cauza unor erori tipografice sau erori \u00een stabilirea pre\u021burilor sau informa\u021biile despre produs primite de la furnizorii no\u0219tri, vom avea dreptul de a refuza sau anula orice comand\u0103 plasat\u0103 pentru produsele care prezint\u0103 astfel de erori, chiar dac\u0103 aceasta a fost pl\u0103tita de dvs. \u00cen acest caz vom remite sumele achitate \u00een contul produsului\/produselor comandate \u0219i anulate.<\/p>\n\n\n\n<p><strong>D. COMENTARII ON-LINE CU PRIVIRE LA P\u0102R\u021aI DIN MAGAZIN SAU CU PRIVIRE LA PRODUSELE MAGAZINULUI ON-LINE<\/strong><\/p>\n\n\n\n<p>Toate informa\u021biile, tehnicile, ideile, \u00eentreb\u0103rile, comentariile, sugestiile trimise sau postate pe 32academy.com vor fi tratate ca neconfiden\u021biale \u0219i vom avea dreptul, irevocabil \u0219i transferabil de a utiliza, copia, distribui, afi\u0219a, publica, vinde, \u00eenchiria, efectua, transmite, adapta, crea lucr\u0103ri derivate, prin orice mijloace \u0219i \u00een orice form\u0103, de a traduce, modifica, inversa, dezasambla, decompila. Toate din cele enumerate mai sus devin automat proprietatea unic\u0103 \u0219i exclusiv\u0103 a <strong>32 Dental Academy SRL<\/strong> \u0219i nu vor fi niciodat\u0103 returnate dvs.<\/p>\n\n\n\n<p>Mai mult, clientul declar\u0103 \u0219i garanteaz\u0103 faptul c\u0103 toate comentariile, recenziile sau alt tip de con\u021binut al sau pe acest website, nu vor viola \u0219i\/sau \u00eenc\u0103lca drepturile oric\u0103rei p\u0103r\u021bi ter\u021be.<\/p>\n\n\n\n<p><strong>E. POLITICA DE ANULARE A EVENIMENTELOR \u0218I DE RETURNARE A TARIFELOR DE PARTICIPARE<\/strong><\/p>\n\n\n\n<p><strong>Politica de anulare\/am\u00e2nare<\/strong><\/p>\n\n\n\n<p>Organizatorul are dreptul s\u0103 anuleze\/am\u00e2ne evenimentul pentru motive \u00eentemeiate (exemple: num\u0103r mic de \u00eenscrieri, cazuri de for\u021b\u0103 major\u0103).<\/p>\n\n\n\n<p>Organizatorul va returna numai contravaloarea taxelor de \u00eenscriere pl\u0103tite de c\u0103tre participant.<\/p>\n\n\n\n<p>Organizatorul este responsabil pentru colectarea taxelor de \u00eenscriere pentru curs\/eveniment de la to\u021bi participan\u021bii \u0219i pentru returnarea banilor conform Politicii de returnare a Banilor, atunci c\u00e2nd este cazul.<\/p>\n\n\n\n<p>Organizatorul nu este responsabil pentru cheltuieli de c\u0103l\u0103torie (cazare, transport), avansuri pierdute sau orice alte cheltuieli efectuate de c\u0103tre un participant pl\u0103titor \u00een leg\u0103tur\u0103 sau pentru participarea la un eveniment. Fiecare participant \u00ee\u0219i asum\u0103 responsabilitatea cheltuielilor suplimentare, altele fa\u021b\u0103 de tariful de participare, pe care le efectueaz\u0103 pentru a se \u00eenscrie la eveniment.<\/p>\n\n\n\n<p><strong>Politica de returnare a tarifelor de participare<\/strong><\/p>\n\n\n\n<p>Returnarea banilor se va face \u00een termen de maxim 14 zile lucr\u0103toare de la data anun\u021b\u0103rii deciziei de am\u00e2nare\/anulare a evenimentului, \u00een contul bancar oferit de c\u0103tre participant. Returnarea banilor se poate face doar prin transfer bancar.<\/p>\n\n\n\n<p><strong>F. PROPRIETATEA INTELECTUAL\u0102<\/strong><\/p>\n\n\n\n<p>Orice element reg\u0103sit pe pagina de internet 32academy.com precum textul, grafica, butoanele, iconii, imaginile, clipurile audio \u0219i software-ul apar\u021bin \u00een exclusivitate 32 Dental Academy SRL. Utilizarea oric\u0103reia dintre m\u0103rcile noastre de comer\u021b sau m\u0103rcile de servicii far\u0103 acordul expres scris, este strict interzisa far\u0103 consim\u021b\u0103m\u00e2ntul explicit prealabil.<\/p>\n\n\n\n<p>\u00cen cazul \u00een care dori\u021bi s\u0103 adresa\u021bi\/raporta\u021bi probleme legate de drepturi de proprietate intelectuala, v\u0103 rug\u0103m s\u0103 v\u0103 adresa\u021bi la num\u0103rul de telefon de contact aflat pe website sau la <a href=\"mailto:office@32academy.ro\">office@32academy.ro<\/a>.<\/p>\n\n\n\n<p><strong>G. LEGEA \u0218I JURISDIC\u021aIA APLICABIL\u0102<\/strong><\/p>\n\n\n\n<p>P\u0103r\u021bile sunt de acord ca prezentul acord s\u0103 fie supus legii rom\u00e2ne. Litigiile ce decurg din interpretarea prezentului acord vor fi solu\u021bionate pe cale amiabil\u0103, iar dac\u0103 acest lucru nu este posibil vor fi deferite instan\u021belor competente material din Municipiul Bucure\u0219ti. P\u0103r\u021bile sunt de acord ca instan\u021bele ce vor solu\u021biona litigiul s\u0103 fie cele din Municipiul Bucure\u0219ti competente material.<\/p>\n","protected":false},"excerpt":{"rendered":"<p>Compania care administreaz\u0103 website-ul 32academy.com, denumit \u00een continuare 32academy.com, este 32 DENTAL ACADEMY SRL, numit\u0103 \u00een continuare 32 Dental Academy SRL, av\u00e2nd codul unic de \u00eenregistrare RO33688217 \u0219i \u00eenregistrat\u0103 la Registrul Comer\u021bului cu Nr.\u00a0 J23\/2974\/2014, Sediu Social Intr. Vlasceanu Dumitru, Nr 18b, Camera 1, Parter, Voluntari, Jud Ilfov. Plasarea unei comenzi c\u0103tre 32academy.com implic\u0103 acordul [&hellip;]<\/p>\n","protected":false},"author":197,"featured_media":0,"parent":0,"menu_order":0,"comment_status":"closed","ping_status":"closed","template":"","meta":{"_acf_changed":false,"footnotes":""},"class_list":["post-20470","page","type-page","status-publish","hentry"],"acf":[],"rankMath":{"parentDomain":"32academy.com","noFollowDomains":[],"noFollowExcludeDomains":[],"noFollowExternalLinks":false,"featuredImageNotice":"The featured image should be at least 200 by 200 pixels to be picked up by Facebook and other social media sites.","pluginReviewed":false,"postSettings":{"linkSuggestions":true,"useFocusKeyword":false},"frontEndScore":false,"postName":"termeni-si-conditii","permalinkFormat":"https:\/\/32academy.com\/ro\/%pagename%\/","showLockModifiedDate":true,"assessor":{"focusKeywordLink":"https:\/\/32academy.com\/wp-admin\/edit.php?focus_keyword=%focus_keyword%&post_type=%post_type%","hasTOCPlugin":true,"primaryTaxonomy":false,"serpData":{"title":"","description":"","focusKeywords":"","pillarContent":false,"canonicalUrl":"","breadcrumbTitle":"","advancedRobots":{"max-snippet":"-1","max-video-preview":"-1","max-image-preview":"large"},"facebookTitle":"","facebookDescription":"","facebookImage":"","facebookImageID":"","facebookHasOverlay":false,"facebookImageOverlay":"","facebookAuthor":"","twitterCardType":"","twitterUseFacebook":true,"twitterTitle":"","twitterDescription":"","twitterImage":"","twitterImageID":"","twitterHasOverlay":false,"twitterImageOverlay":"","twitterPlayerUrl":"","twitterPlayerSize":"","twitterPlayerStream":"","twitterPlayerStreamCtype":"","twitterAppDescription":"","twitterAppIphoneName":"","twitterAppIphoneID":"","twitterAppIphoneUrl":"","twitterAppIpadName":"","twitterAppIpadID":"","twitterAppIpadUrl":"","twitterAppGoogleplayName":"","twitterAppGoogleplayID":"","twitterAppGoogleplayUrl":"","twitterAppCountry":"","robots":{"index":true},"twitterAuthor":"username","primaryTerm":0,"authorName":"32academy","titleTemplate":"%title% %page% %sep% %sitename%","descriptionTemplate":"%excerpt%","showScoreFrontend":true,"lockModifiedDate":false},"powerWords":[],"diacritics":{"A":"[\\u0041\\u24B6\\uFF21\\u00C0\\u00C1\\u00C2\\u1EA6\\u1EA4\\u1EAA\\u1EA8\\u00C3\\u0100\\u0102\\u1EB0\\u1EAE\\u1EB4\\u1EB2\\u0226\\u01E0\\u00C4\\u01DE\\u1EA2\\u00C5\\u01FA\\u01CD\\u0200\\u0202\\u1EA0\\u1EAC\\u1EB6\\u1E00\\u0104\\u023A\\u2C6F]","AA":"[\\uA732]","AE":"[\\u00C6\\u01FC\\u01E2]","AO":"[\\uA734]","AU":"[\\uA736]","AV":"[\\uA738\\uA73A]","AY":"[\\uA73C]","B":"[\\u0042\\u24B7\\uFF22\\u1E02\\u1E04\\u1E06\\u0243\\u0182\\u0181]","C":"[\\u0043\\u24B8\\uFF23\\u0106\\u0108\\u010A\\u010C\\u00C7\\u1E08\\u0187\\u023B\\uA73E]","D":"[\\u0044\\u24B9\\uFF24\\u1E0A\\u010E\\u1E0C\\u1E10\\u1E12\\u1E0E\\u0110\\u018B\\u018A\\u0189\\uA779]","DZ":"[\\u01F1\\u01C4]","Dz":"[\\u01F2\\u01C5]","E":"[\\u0045\\u24BA\\uFF25\\u00C8\\u00C9\\u00CA\\u1EC0\\u1EBE\\u1EC4\\u1EC2\\u1EBC\\u0112\\u1E14\\u1E16\\u0114\\u0116\\u00CB\\u1EBA\\u011A\\u0204\\u0206\\u1EB8\\u1EC6\\u0228\\u1E1C\\u0118\\u1E18\\u1E1A\\u0190\\u018E]","F":"[\\u0046\\u24BB\\uFF26\\u1E1E\\u0191\\uA77B]","G":"[\\u0047\\u24BC\\uFF27\\u01F4\\u011C\\u1E20\\u011E\\u0120\\u01E6\\u0122\\u01E4\\u0193\\uA7A0\\uA77D\\uA77E]","H":"[\\u0048\\u24BD\\uFF28\\u0124\\u1E22\\u1E26\\u021E\\u1E24\\u1E28\\u1E2A\\u0126\\u2C67\\u2C75\\uA78D]","I":"[\\u0049\\u24BE\\uFF29\\u00CC\\u00CD\\u00CE\\u0128\\u012A\\u012C\\u0130\\u00CF\\u1E2E\\u1EC8\\u01CF\\u0208\\u020A\\u1ECA\\u012E\\u1E2C\\u0197]","J":"[\\u004A\\u24BF\\uFF2A\\u0134\\u0248]","K":"[\\u004B\\u24C0\\uFF2B\\u1E30\\u01E8\\u1E32\\u0136\\u1E34\\u0198\\u2C69\\uA740\\uA742\\uA744\\uA7A2]","L":"[\\u004C\\u24C1\\uFF2C\\u013F\\u0139\\u013D\\u1E36\\u1E38\\u013B\\u1E3C\\u1E3A\\u0141\\u023D\\u2C62\\u2C60\\uA748\\uA746\\uA780]","LJ":"[\\u01C7]","Lj":"[\\u01C8]","M":"[\\u004D\\u24C2\\uFF2D\\u1E3E\\u1E40\\u1E42\\u2C6E\\u019C]","N":"[\\u004E\\u24C3\\uFF2E\\u01F8\\u0143\\u00D1\\u1E44\\u0147\\u1E46\\u0145\\u1E4A\\u1E48\\u0220\\u019D\\uA790\\uA7A4]","NJ":"[\\u01CA]","Nj":"[\\u01CB]","O":"[\\u004F\\u24C4\\uFF2F\\u00D2\\u00D3\\u00D4\\u1ED2\\u1ED0\\u1ED6\\u1ED4\\u00D5\\u1E4C\\u022C\\u1E4E\\u014C\\u1E50\\u1E52\\u014E\\u022E\\u0230\\u00D6\\u022A\\u1ECE\\u0150\\u01D1\\u020C\\u020E\\u01A0\\u1EDC\\u1EDA\\u1EE0\\u1EDE\\u1EE2\\u1ECC\\u1ED8\\u01EA\\u01EC\\u00D8\\u01FE\\u0186\\u019F\\uA74A\\uA74C]","OI":"[\\u01A2]","OO":"[\\uA74E]","OU":"[\\u0222]","P":"[\\u0050\\u24C5\\uFF30\\u1E54\\u1E56\\u01A4\\u2C63\\uA750\\uA752\\uA754]","Q":"[\\u0051\\u24C6\\uFF31\\uA756\\uA758\\u024A]","R":"[\\u0052\\u24C7\\uFF32\\u0154\\u1E58\\u0158\\u0210\\u0212\\u1E5A\\u1E5C\\u0156\\u1E5E\\u024C\\u2C64\\uA75A\\uA7A6\\uA782]","S":"[\\u0053\\u24C8\\uFF33\\u1E9E\\u015A\\u1E64\\u015C\\u1E60\\u0160\\u1E66\\u1E62\\u1E68\\u0218\\u015E\\u2C7E\\uA7A8\\uA784]","T":"[\\u0054\\u24C9\\uFF34\\u1E6A\\u0164\\u1E6C\\u021A\\u0162\\u1E70\\u1E6E\\u0166\\u01AC\\u01AE\\u023E\\uA786]","TZ":"[\\uA728]","U":"[\\u0055\\u24CA\\uFF35\\u00D9\\u00DA\\u00DB\\u0168\\u1E78\\u016A\\u1E7A\\u016C\\u00DC\\u01DB\\u01D7\\u01D5\\u01D9\\u1EE6\\u016E\\u0170\\u01D3\\u0214\\u0216\\u01AF\\u1EEA\\u1EE8\\u1EEE\\u1EEC\\u1EF0\\u1EE4\\u1E72\\u0172\\u1E76\\u1E74\\u0244]","V":"[\\u0056\\u24CB\\uFF36\\u1E7C\\u1E7E\\u01B2\\uA75E\\u0245]","VY":"[\\uA760]","W":"[\\u0057\\u24CC\\uFF37\\u1E80\\u1E82\\u0174\\u1E86\\u1E84\\u1E88\\u2C72]","X":"[\\u0058\\u24CD\\uFF38\\u1E8A\\u1E8C]","Y":"[\\u0059\\u24CE\\uFF39\\u1EF2\\u00DD\\u0176\\u1EF8\\u0232\\u1E8E\\u0178\\u1EF6\\u1EF4\\u01B3\\u024E\\u1EFE]","Z":"[\\u005A\\u24CF\\uFF3A\\u0179\\u1E90\\u017B\\u017D\\u1E92\\u1E94\\u01B5\\u0224\\u2C7F\\u2C6B\\uA762]","a":"[\\u0061\\u24D0\\uFF41\\u1E9A\\u00E0\\u00E1\\u00E2\\u1EA7\\u1EA5\\u1EAB\\u1EA9\\u00E3\\u0101\\u0103\\u1EB1\\u1EAF\\u1EB5\\u1EB3\\u0227\\u01E1\\u00E4\\u01DF\\u1EA3\\u00E5\\u01FB\\u01CE\\u0201\\u0203\\u1EA1\\u1EAD\\u1EB7\\u1E01\\u0105\\u2C65\\u0250]","aa":"[\\uA733]","ae":"[\\u00E6\\u01FD\\u01E3]","ao":"[\\uA735]","au":"[\\uA737]","av":"[\\uA739\\uA73B]","ay":"[\\uA73D]","b":"[\\u0062\\u24D1\\uFF42\\u1E03\\u1E05\\u1E07\\u0180\\u0183\\u0253]","c":"[\\u0063\\u24D2\\uFF43\\u0107\\u0109\\u010B\\u010D\\u00E7\\u1E09\\u0188\\u023C\\uA73F\\u2184]","d":"[\\u0064\\u24D3\\uFF44\\u1E0B\\u010F\\u1E0D\\u1E11\\u1E13\\u1E0F\\u0111\\u018C\\u0256\\u0257\\uA77A]","dz":"[\\u01F3\\u01C6]","e":"[\\u0065\\u24D4\\uFF45\\u00E8\\u00E9\\u00EA\\u1EC1\\u1EBF\\u1EC5\\u1EC3\\u1EBD\\u0113\\u1E15\\u1E17\\u0115\\u0117\\u00EB\\u1EBB\\u011B\\u0205\\u0207\\u1EB9\\u1EC7\\u0229\\u1E1D\\u0119\\u1E19\\u1E1B\\u0247\\u025B\\u01DD]","f":"[\\u0066\\u24D5\\uFF46\\u1E1F\\u0192\\uA77C]","g":"[\\u0067\\u24D6\\uFF47\\u01F5\\u011D\\u1E21\\u011F\\u0121\\u01E7\\u0123\\u01E5\\u0260\\uA7A1\\u1D79\\uA77F]","h":"[\\u0068\\u24D7\\uFF48\\u0125\\u1E23\\u1E27\\u021F\\u1E25\\u1E29\\u1E2B\\u1E96\\u0127\\u2C68\\u2C76\\u0265]","hv":"[\\u0195]","i":"[\\u0069\\u24D8\\uFF49\\u00EC\\u00ED\\u00EE\\u0129\\u012B\\u012D\\u00EF\\u1E2F\\u1EC9\\u01D0\\u0209\\u020B\\u1ECB\\u012F\\u1E2D\\u0268\\u0131]","j":"[\\u006A\\u24D9\\uFF4A\\u0135\\u01F0\\u0249]","k":"[\\u006B\\u24DA\\uFF4B\\u1E31\\u01E9\\u1E33\\u0137\\u1E35\\u0199\\u2C6A\\uA741\\uA743\\uA745\\uA7A3]","l":"[\\u006C\\u24DB\\uFF4C\\u0140\\u013A\\u013E\\u1E37\\u1E39\\u013C\\u1E3D\\u1E3B\\u017F\\u0142\\u019A\\u026B\\u2C61\\uA749\\uA781\\uA747]","lj":"[\\u01C9]","m":"[\\u006D\\u24DC\\uFF4D\\u1E3F\\u1E41\\u1E43\\u0271\\u026F]","n":"[\\u006E\\u24DD\\uFF4E\\u01F9\\u0144\\u00F1\\u1E45\\u0148\\u1E47\\u0146\\u1E4B\\u1E49\\u019E\\u0272\\u0149\\uA791\\uA7A5]","nj":"[\\u01CC]","o":"[\\u006F\\u24DE\\uFF4F\\u00F2\\u00F3\\u00F4\\u1ED3\\u1ED1\\u1ED7\\u1ED5\\u00F5\\u1E4D\\u022D\\u1E4F\\u014D\\u1E51\\u1E53\\u014F\\u022F\\u0231\\u00F6\\u022B\\u1ECF\\u0151\\u01D2\\u020D\\u020F\\u01A1\\u1EDD\\u1EDB\\u1EE1\\u1EDF\\u1EE3\\u1ECD\\u1ED9\\u01EB\\u01ED\\u00F8\\u01FF\\u0254\\uA74B\\uA74D\\u0275]","oi":"[\\u01A3]","ou":"[\\u0223]","oo":"[\\uA74F]","p":"[\\u0070\\u24DF\\uFF50\\u1E55\\u1E57\\u01A5\\u1D7D\\uA751\\uA753\\uA755]","q":"[\\u0071\\u24E0\\uFF51\\u024B\\uA757\\uA759]","r":"[\\u0072\\u24E1\\uFF52\\u0155\\u1E59\\u0159\\u0211\\u0213\\u1E5B\\u1E5D\\u0157\\u1E5F\\u024D\\u027D\\uA75B\\uA7A7\\uA783]","s":"[\\u0073\\u24E2\\uFF53\\u015B\\u1E65\\u015D\\u1E61\\u0161\\u1E67\\u1E63\\u1E69\\u0219\\u015F\\u023F\\uA7A9\\uA785\\u1E9B]","ss":"[\\u00DF]","t":"[\\u0074\\u24E3\\uFF54\\u1E6B\\u1E97\\u0165\\u1E6D\\u021B\\u0163\\u1E71\\u1E6F\\u0167\\u01AD\\u0288\\u2C66\\uA787]","tz":"[\\uA729]","u":"[\\u0075\\u24E4\\uFF55\\u00F9\\u00FA\\u00FB\\u0169\\u1E79\\u016B\\u1E7B\\u016D\\u00FC\\u01DC\\u01D8\\u01D6\\u01DA\\u1EE7\\u016F\\u0171\\u01D4\\u0215\\u0217\\u01B0\\u1EEB\\u1EE9\\u1EEF\\u1EED\\u1EF1\\u1EE5\\u1E73\\u0173\\u1E77\\u1E75\\u0289]","v":"[\\u0076\\u24E5\\uFF56\\u1E7D\\u1E7F\\u028B\\uA75F\\u028C]","vy":"[\\uA761]","w":"[\\u0077\\u24E6\\uFF57\\u1E81\\u1E83\\u0175\\u1E87\\u1E85\\u1E98\\u1E89\\u2C73]","x":"[\\u0078\\u24E7\\uFF58\\u1E8B\\u1E8D]","y":"[\\u0079\\u24E8\\uFF59\\u1EF3\\u00FD\\u0177\\u1EF9\\u0233\\u1E8F\\u00FF\\u1EF7\\u1E99\\u1EF5\\u01B4\\u024F\\u1EFF]","z":"[\\u007A\\u24E9\\uFF5A\\u017A\\u1E91\\u017C\\u017E\\u1E93\\u1E95\\u01B6\\u0225\\u0240\\u2C6C\\uA763]"},"researchesTests":["contentHasTOC","contentHasShortParagraphs","contentHasAssets","keywordInTitle","keywordInMetaDescription","keywordInPermalink","keywordIn10Percent","keywordInContent","keywordInSubheadings","keywordInImageAlt","keywordDensity","keywordNotUsed","lengthContent","lengthPermalink","linksHasInternal","linksHasExternals","linksNotAllExternals","titleStartWithKeyword","titleSentiment","titleHasPowerWords","titleHasNumber","hasContentAI"],"hasRedirection":false,"hasBreadcrumb":false},"homeUrl":"https:\/\/32academy.com\/ro\/","objectID":20470,"objectType":"post","locale":"ro","localeFull":"ro_RO","overlayImages":{"play":{"name":"Play icon","url":"https:\/\/32academy.com\/wp-content\/plugins\/seo-by-rank-math\/assets\/admin\/img\/icon-play.png","path":"\/nas\/content\/live\/academie32\/wp-content\/plugins\/seo-by-rank-math\/assets\/admin\/img\/icon-play.png","position":"middle_center"},"gif":{"name":"GIF icon","url":"https:\/\/32academy.com\/wp-content\/plugins\/seo-by-rank-math\/assets\/admin\/img\/icon-gif.png","path":"\/nas\/content\/live\/academie32\/wp-content\/plugins\/seo-by-rank-math\/assets\/admin\/img\/icon-gif.png","position":"middle_center"}},"defautOgImage":"https:\/\/32academy.com\/wp-content\/uploads\/2024\/03\/32academy-banner.webp","customPermalinks":true,"isUserRegistered":false,"autoSuggestKeywords":false,"connectSiteUrl":"https:\/\/rankmath.com\/auth?site=https%3A%2F%2F32academy.com%2Fro%2F&r=https%3A%2F%2F32academy.com%2Fro%2Fwp-json%2Fwp%2Fv2%2Fpages%2F20470%3Fnonce%3D13b243587c","maxTags":5,"trendsIcon":"<svg viewBox=\"0 0 610 610\"><path d=\"M18.85,446,174.32,290.48l58.08,58.08L76.93,504a14.54,14.54,0,0,1-20.55,0L18.83,466.48a14.54,14.54,0,0,1,0-20.55Z\" style=\"fill:#4285f4\"\/><path d=\"M242.65,242.66,377.59,377.6l-47.75,47.75a14.54,14.54,0,0,1-20.55,0L174.37,290.43l47.75-47.75A14.52,14.52,0,0,1,242.65,242.66Z\" style=\"fill:#ea4335\"\/><polygon points=\"319.53 319.53 479.26 159.8 537.34 217.88 377.61 377.62 319.53 319.53\" style=\"fill:#fabb05\"\/><path d=\"M594.26,262.73V118.61h0a16.94,16.94,0,0,0-16.94-16.94H433.2a16.94,16.94,0,0,0-12,28.92L565.34,274.71h0a16.94,16.94,0,0,0,28.92-12Z\" style=\"fill:#34a853\"\/><rect width=\"610\" height=\"610\" style=\"fill:none\"\/><\/svg>","showScore":true,"siteFavIcon":"https:\/\/32academy.com\/wp-content\/uploads\/2022\/09\/cropped-32-logo-v_gold_white-16x16.png","canUser":{"general":false,"advanced":false,"snippet":false,"social":false,"analysis":false,"analytics":false,"content_ai":false},"showKeywordIntent":true,"isPro":false,"is_front_page":false,"trendsUpgradeLink":"https:\/\/rankmath.com\/pricing\/?utm_source=Plugin&utm_medium=CE%20General%20Tab%20Trends&utm_campaign=WP","trendsUpgradeLabel":"Upgrade","trendsPreviewImage":"https:\/\/32academy.com\/wp-content\/plugins\/seo-by-rank-math\/assets\/admin\/img\/trends-preview.jpg","currentEditor":false,"homepageData":{"assessor":{"powerWords":[],"diacritics":true,"researchesTests":["contentHasTOC","contentHasShortParagraphs","contentHasAssets","keywordInTitle","keywordInMetaDescription","keywordInPermalink","keywordIn10Percent","keywordInContent","keywordInSubheadings","keywordInImageAlt","keywordDensity","keywordNotUsed","lengthContent","lengthPermalink","linksHasInternal","linksHasExternals","linksNotAllExternals","titleStartWithKeyword","titleSentiment","titleHasPowerWords","titleHasNumber","hasContentAI"],"hasBreadcrumb":false,"serpData":{"title":"%sitename% %page% %sep% %sitedesc%","description":"","titleTemplate":"%sitename% %page% %sep% %sitedesc%","descriptionTemplate":"","focusKeywords":"","breadcrumbTitle":"Home","robots":{"index":true},"advancedRobots":{"max-snippet":"-1","max-video-preview":"-1","max-image-preview":"large"},"facebookTitle":"","facebookDescription":"","facebookImage":"","facebookImageID":""}}},"tocTitle":"Table of Contents","tocExcludeHeadings":[],"listStyle":"ul"},"_links":{"self":[{"href":"https:\/\/32academy.com\/ro\/wp-json\/wp\/v2\/pages\/20470","targetHints":{"allow":["GET"]}}],"collection":[{"href":"https:\/\/32academy.com\/ro\/wp-json\/wp\/v2\/pages"}],"about":[{"href":"https:\/\/32academy.com\/ro\/wp-json\/wp\/v2\/types\/page"}],"author":[{"embeddable":true,"href":"https:\/\/32academy.com\/ro\/wp-json\/wp\/v2\/users\/197"}],"replies":[{"embeddable":true,"href":"https:\/\/32academy.com\/ro\/wp-json\/wp\/v2\/comments?post=20470"}],"version-history":[{"count":0,"href":"https:\/\/32academy.com\/ro\/wp-json\/wp\/v2\/pages\/20470\/revisions"}],"wp:attachment":[{"href":"https:\/\/32academy.com\/ro\/wp-json\/wp\/v2\/media?parent=20470"}],"curies":[{"name":"wp","href":"https:\/\/api.w.org\/{rel}","templated":true}]}}