{"id":24599,"date":"2024-11-01T14:53:49","date_gmt":"2024-11-01T12:53:49","guid":{"rendered":"https:\/\/32academy.com\/product\/mind-summit-marketing-in-dentistry\/"},"modified":"2025-01-17T00:00:04","modified_gmt":"2025-01-16T22:00:04","slug":"mind-summit-marketing-in-dentistry","status":"publish","type":"product","link":"https:\/\/32academy.com\/ro\/produs\/mind-summit-marketing-in-dentistry\/","title":{"rendered":"MinD Summit \u2013 Marketing in Dentistry"},"content":{"rendered":"<div id=\"about\" class=\"elementor-element elementor-element-80f2ec9 e-flex e-con-boxed e-con e-parent e-lazyloaded\" data-particle_enable=\"false\" data-particle-mobile-disabled=\"false\" data-id=\"80f2ec9\" data-element_type=\"container\" data-settings=\"{&quot;background_background&quot;:&quot;classic&quot;}\">\n<div class=\"e-con-inner\">\n<div class=\"elementor-element elementor-element-6d1b9b3 elementor-widget elementor-widget-text-editor\" data-id=\"6d1b9b3\" data-element_type=\"widget\" data-widget_type=\"text-editor.default\">\n<div class=\"elementor-widget-container\">\n<p>Conferin\u021ba MinD Summit \u2013 Marketing in Dentistry este o conferin\u021b\u0103 inspira\u021bional\u0103 cu con\u021binut practic, personalizat special pentru cabinete stomatologice;<\/p>\n<p>\u00ce\u021bi vom oferi <b>o zi de conferin\u021b\u0103 cu con\u021binut 100% practic \u0219i aplicabil imediat <\/b>personalizat ca tu s\u0103 \u00ee\u021bi cre\u0219ti business-ul;<\/p>\n<p>Vei primi con\u021binut premium 100% <b>personalizat pentru stomatologi \u0219i cabinete stomatologice<\/b>;<\/p>\n<p><b>\u00cenva\u021b\u0103 s\u0103 \u00ee\u021bi promovezi cabinetul stomatologic <\/b>\u0219i s\u0103 te eviden\u021biezi fa\u021b\u0103 de concuren\u021b\u0103;<\/p>\n<p><b>Petrece o zi \u00een inima marketingului \u0219i publicit\u0103\u021bii<\/b> \u0219i prime\u0219te inspira\u021bia de care ai nevoie ca s\u0103 \u00ee\u021bi cre\u0219ti brandul personal \u0219i pe cel profesional;<\/p>\n<p><strong>Vei avea \u0219ansa s\u0103 \u00eentrebi speakerii toate \u00eentreb\u0103rile tale specifice \u00eentr-o platform\u0103 interactiv\u0103 \u0219i s\u0103 prime\u0219ti r\u0103spunsuri pe scen\u0103;<\/strong><\/p>\n<p><b>Vei cunoa\u0219te profesioni\u0219ti care te vor ajuta<\/b> s\u0103 \u00ee\u021bi construie\u0219ti \u0219i promovezi brandul.<\/p>\n<\/div>\n<\/div>\n<\/div>\n<\/div>\n","protected":false},"excerpt":{"rendered":"<p>Conferin\u021ba MinD Summit \u2013 Marketing in Dentistry este o conferin\u021b\u0103 inspira\u021bional\u0103 cu con\u021binut practic, personalizat special pentru cabinete stomatologice; \u00ce\u021bi vom oferi o zi de conferin\u021b\u0103 cu con\u021binut 100% practic \u0219i aplicabil imediat personalizat ca tu s\u0103 \u00ee\u021bi cre\u0219ti business-ul; Vei primi con\u021binut premium 100% personalizat pentru stomatologi \u0219i cabinete stomatologice; \u00cenva\u021b\u0103 s\u0103 \u00ee\u021bi promovezi [&hellip;]<\/p>\n","protected":false},"featured_media":24597,"template":"","meta":{"_acf_changed":false},"product_brand":[],"product_cat":[],"product_tag":[],"class_list":{"0":"post-24599","1":"product","2":"type-product","3":"status-publish","4":"has-post-thumbnail","7":"first","8":"instock","9":"taxable","10":"shipping-taxable","11":"purchasable","12":"product-type-simple"},"acf":[],"_links":{"self":[{"href":"https:\/\/32academy.com\/ro\/wp-json\/wp\/v2\/product\/24599","targetHints":{"allow":["GET"]}}],"collection":[{"href":"https:\/\/32academy.com\/ro\/wp-json\/wp\/v2\/product"}],"about":[{"href":"https:\/\/32academy.com\/ro\/wp-json\/wp\/v2\/types\/product"}],"wp:featuredmedia":[{"embeddable":true,"href":"https:\/\/32academy.com\/ro\/wp-json\/wp\/v2\/media\/24597"}],"wp:attachment":[{"href":"https:\/\/32academy.com\/ro\/wp-json\/wp\/v2\/media?parent=24599"}],"wp:term":[{"taxonomy":"product_brand","embeddable":true,"href":"https:\/\/32academy.com\/ro\/wp-json\/wp\/v2\/product_brand?post=24599"},{"taxonomy":"product_cat","embeddable":true,"href":"https:\/\/32academy.com\/ro\/wp-json\/wp\/v2\/product_cat?post=24599"},{"taxonomy":"product_tag","embeddable":true,"href":"https:\/\/32academy.com\/ro\/wp-json\/wp\/v2\/product_tag?post=24599"}],"curies":[{"name":"wp","href":"https:\/\/api.w.org\/{rel}","templated":true}]}}